{"id":2115,"date":"2021-10-07T11:36:22","date_gmt":"2021-10-07T09:36:22","guid":{"rendered":"http:\/\/bailiff-training-center.al\/?page_id=2115"},"modified":"2021-11-16T23:16:28","modified_gmt":"2021-11-16T21:16:28","slug":"trajnimi-fillestar","status":"publish","type":"page","link":"https:\/\/bailiff-training-center.al\/?page_id=2115","title":{"rendered":"Trajnimi fillestar"},"content":{"rendered":"\t\t<div data-elementor-type=\"wp-page\" data-elementor-id=\"2115\" class=\"elementor elementor-2115\">\n\t\t\t\t\t\t<section class=\"elementor-section elementor-top-section elementor-element elementor-element-2f188540 elementor-section-boxed elementor-section-height-default elementor-section-height-default\" data-id=\"2f188540\" data-element_type=\"section\" data-e-type=\"section\">\n\t\t\t\t\t\t<div class=\"elementor-container elementor-column-gap-default\">\n\t\t\t\t\t<div class=\"elementor-column elementor-col-100 elementor-top-column elementor-element elementor-element-6bc24382\" data-id=\"6bc24382\" data-element_type=\"column\" data-e-type=\"column\">\n\t\t\t<div class=\"elementor-widget-wrap elementor-element-populated\">\n\t\t\t\t\t\t<div class=\"elementor-element elementor-element-7b9ca48c elementor-widget elementor-widget-text-editor\" data-id=\"7b9ca48c\" data-element_type=\"widget\" data-e-type=\"widget\" data-widget_type=\"text-editor.default\">\n\t\t\t\t<div class=\"elementor-widget-container\">\n\t\t\t\t\t\t\t\t\t<p><\/p>\n<p>Trajnimi fillestar zhvillohet p\u00ebr nevojat e plot\u00ebsimit t\u00eb vendeve vakante me p\u00ebrmbarues gjyq\u00ebsor\u00eb privat\u00eb q\u00eb licencohen n\u00eb k\u00ebt\u00eb profesion.<br>Me synim p\u00ebr t\u00eb garantuar dhe siguruar nj\u00eb num\u00ebr t\u00eb mjaftuesh\u00ebm kandidat\u00ebsh p\u00ebr plot\u00ebsimin e vendeve vakante t\u00eb p\u00ebrmbaruesve gjyq\u00ebsor\u00eb privat\u00eb, \u00e7do vit, sipas analizave t\u00eb Dhom\u00ebs Komb\u00ebtare, mund t\u00eb pranohen n\u00eb programin e trajnimit fillestar kandidat\u00eb p\u00ebr p\u00ebrmbarues gjyq\u00ebsor privat, personat q\u00eb p\u00ebrmbushin kushtet e parashikuara n\u00eb nenin 16, t\u00eb ligjit nr. 26\/2019 \u201cP\u00ebr sh\u00ebrbimin p\u00ebrmbarimor gjyq\u00ebsor privat\u201d, t\u00eb cil\u00ebt kan\u00eb t\u00eb drejt\u00eb t\u00eb marrin pjes\u00eb n\u00eb provimin e pranimit n\u00eb trajnimin fillestar. Kandidati q\u00eb kalon me sukses provimin e pranimit n\u00eb programin e trajnimit fillestar pranohet p\u00ebr t\u00eb ndjekur programin e detyruesh\u00ebm 1-vje\u00e7ar p\u00ebr trajnimin fillestar pran\u00eb Qendr\u00ebs s\u00eb Trajnimit.<br>Trajnimi fillestar zhvillohet n\u00ebp\u00ebrmjet ndjekjes dhe p\u00ebrmbushjes s\u00eb Programit t\u00eb Detyruesh\u00ebm p\u00ebr Trajnimin Fillestar, sipas rregullave dhe kushteve p\u00ebr zhvillimin e provimit t\u00eb pranimit, ndjekjes s\u00eb l\u00ebnd\u00ebve, respektimit t\u00eb metodave t\u00eb trajnimit, plot\u00ebsimit dhe frekuentimit t\u00eb moduleve ose kurseve t\u00eb trajnimit, dhe respektimit t\u00eb rregullave p\u00ebr kontrollin e njohurive n\u00eb p\u00ebrfundim t\u00eb trajnimit fillestar, si dhe rregullave dhe kushteve p\u00ebr l\u00ebshimin e v\u00ebrtetimit p\u00ebr p\u00ebrfundimin me sukses t\u00eb programit t\u00eb trajnimit fillestar.<br>Kandidat\u00ebt p\u00ebr p\u00ebrmbarues gjyq\u00ebsor privat t\u00eb cil\u00ebt kan\u00eb kryer trajnimin fillestar dhe q\u00eb p\u00ebrmbushin kushtet e parashikuara n\u00eb nenin 16, t\u00eb ligjit nr. 26\/2019 \u201cP\u00ebr sh\u00ebrbimin p\u00ebrmbarimor gjyq\u00ebsor privat\u201d kan\u00eb t\u00eb drejt\u00eb t\u00eb regjistrohen pran\u00eb Ministris\u00eb s\u00eb Drejt\u00ebsis\u00eb si ndihm\u00ebsp\u00ebrmbarues.<\/p>\n<p><\/p>\t\t\t\t\t\t\t\t<\/div>\n\t\t\t\t<\/div>\n\t\t\t\t\t<\/div>\n\t\t<\/div>\n\t\t\t\t\t<\/div>\n\t\t<\/section>\n\t\t\t\t<\/div>\n\t\t","protected":false},"excerpt":{"rendered":"<p>Trajnimi fillestar zhvillohet p\u00ebr nevojat e plot\u00ebsimit t\u00eb vendeve vakante me p\u00ebrmbarues gjyq\u00ebsor\u00eb privat\u00eb q\u00eb licencohen n\u00eb k\u00ebt\u00eb profesion.Me synim p\u00ebr t\u00eb garantuar dhe siguruar nj\u00eb num\u00ebr t\u00eb mjaftuesh\u00ebm kandidat\u00ebsh p\u00ebr plot\u00ebsimin e vendeve vakante t\u00eb p\u00ebrmbaruesve gjyq\u00ebsor\u00eb privat\u00eb, \u00e7do vit, sipas analizave t\u00eb Dhom\u00ebs Komb\u00ebtare, mund t\u00eb pranohen n\u00eb programin e trajnimit fillestar kandidat\u00eb [&hellip;]<\/p>\n","protected":false},"author":1,"featured_media":0,"parent":0,"menu_order":0,"comment_status":"closed","ping_status":"closed","template":"","meta":{"footnotes":""},"class_list":["post-2115","page","type-page","status-publish","hentry"],"_links":{"self":[{"href":"https:\/\/bailiff-training-center.al\/index.php?rest_route=\/wp\/v2\/pages\/2115","targetHints":{"allow":["GET"]}}],"collection":[{"href":"https:\/\/bailiff-training-center.al\/index.php?rest_route=\/wp\/v2\/pages"}],"about":[{"href":"https:\/\/bailiff-training-center.al\/index.php?rest_route=\/wp\/v2\/types\/page"}],"author":[{"embeddable":true,"href":"https:\/\/bailiff-training-center.al\/index.php?rest_route=\/wp\/v2\/users\/1"}],"replies":[{"embeddable":true,"href":"https:\/\/bailiff-training-center.al\/index.php?rest_route=%2Fwp%2Fv2%2Fcomments&post=2115"}],"version-history":[{"count":20,"href":"https:\/\/bailiff-training-center.al\/index.php?rest_route=\/wp\/v2\/pages\/2115\/revisions"}],"predecessor-version":[{"id":2565,"href":"https:\/\/bailiff-training-center.al\/index.php?rest_route=\/wp\/v2\/pages\/2115\/revisions\/2565"}],"wp:attachment":[{"href":"https:\/\/bailiff-training-center.al\/index.php?rest_route=%2Fwp%2Fv2%2Fmedia&parent=2115"}],"curies":[{"name":"wp","href":"https:\/\/api.w.org\/{rel}","templated":true}]}}