{"id":2118,"date":"2021-10-07T11:38:48","date_gmt":"2021-10-07T09:38:48","guid":{"rendered":"http:\/\/bailiff-training-center.al\/?page_id=2118"},"modified":"2021-11-11T18:22:13","modified_gmt":"2021-11-11T16:22:13","slug":"trajnimi-vazhdues","status":"publish","type":"page","link":"https:\/\/bailiff-training-center.al\/?page_id=2118","title":{"rendered":"Trajnimi vazhdues"},"content":{"rendered":"\t\t<div data-elementor-type=\"wp-page\" data-elementor-id=\"2118\" class=\"elementor elementor-2118\">\n\t\t\t\t\t\t<section class=\"elementor-section elementor-top-section elementor-element elementor-element-42469d73 elementor-section-boxed elementor-section-height-default elementor-section-height-default\" data-id=\"42469d73\" data-element_type=\"section\" data-e-type=\"section\">\n\t\t\t\t\t\t<div class=\"elementor-container elementor-column-gap-default\">\n\t\t\t\t\t<div class=\"elementor-column elementor-col-100 elementor-top-column elementor-element elementor-element-61a4d133\" data-id=\"61a4d133\" data-element_type=\"column\" data-e-type=\"column\">\n\t\t\t<div class=\"elementor-widget-wrap elementor-element-populated\">\n\t\t\t\t\t\t<div class=\"elementor-element elementor-element-230cf450 elementor-widget elementor-widget-text-editor\" data-id=\"230cf450\" data-element_type=\"widget\" data-e-type=\"widget\" data-widget_type=\"text-editor.default\">\n\t\t\t\t<div class=\"elementor-widget-container\">\n\t\t\t\t\t\t\t\t\t<p><\/p>\n<p>Trajnimi vazhdues \u00ebsht\u00eb i detyruesh\u00ebm t\u00eb ndiqet nga p\u00ebrmbaruesit dhe ndihm\u00ebs p\u00ebrmbaruesit \u00e7do vit pran\u00eb Qendr\u00ebs s\u00eb Trajnimit.<br>Trajnimi vazhdues zhvillohet n\u00ebp\u00ebrmjet ndjekjes dhe p\u00ebrmbushjes me sukses t\u00eb nj\u00eb Programi t\u00eb Detyruesh\u00ebm q\u00eb p\u00ebrcakton metodat dhe modulet e trajnimit t\u00eb p\u00ebrmbaruesve gjyq\u00ebsor\u00eb privat\u00eb, mbi \u00e7\u00ebshtjet dhe fushat q\u00eb jan\u00eb evidentuar se ata duhet t\u00eb pajisen me njohuri t\u00eb nevojshme dhe t\u00eb domosdoshme q\u00eb sh\u00ebrbejn\u00eb p\u00ebr rritjen e cil\u00ebsis\u00eb s\u00eb njohurive profesionale, teorike dhe praktike n\u00eb fush\u00ebn e ekzekutimit t\u00eb detyruesh\u00ebm dhe ofrimit t\u00eb sh\u00ebrbimit. Ndjekja dhe angazhimi n\u00eb trajnimin profesional vazhdues \u00ebsht\u00eb i detyruesh\u00ebm p\u00ebr \u00e7do p\u00ebrmbarues gjyq\u00ebsor privat q\u00eb ushtron aktivitet. Me p\u00ebrmbushjen e krediteve t\u00eb k\u00ebrkuara, p\u00ebrmbaruesi pajiset me nj\u00eb certifikat\u00eb pjes\u00ebmarrjeje p\u00ebr \u00e7do vit.<br>Trajnimi vazhdues synon t\u00eb jet\u00eb dhe nj\u00eb shtys\u00eb p\u00ebr unifikimin e praktikave ligjore, krijimin e profileve t\u00eb projekteve k\u00ebrkimore n\u00eb fush\u00ebn e ekzekutimit t\u00eb detyruesh\u00ebm dhe mjet real n\u00eb ndihm\u00eb t\u00eb p\u00ebrmir\u00ebsimit t\u00eb legjislacionit procedural civil q\u00eb duhet t\u00eb pasqyroj\u00eb ndryshimet reale n\u00eb koh\u00eb, t\u00eb asaj \u00e7far\u00eb ndodh de facto me sh\u00ebrbimin e p\u00ebrmbarimit gjyq\u00ebsor.<\/p>\n<p><\/p>\t\t\t\t\t\t\t\t<\/div>\n\t\t\t\t<\/div>\n\t\t\t\t\t<\/div>\n\t\t<\/div>\n\t\t\t\t\t<\/div>\n\t\t<\/section>\n\t\t\t\t<\/div>\n\t\t","protected":false},"excerpt":{"rendered":"<p>Trajnimi vazhdues \u00ebsht\u00eb i detyruesh\u00ebm t\u00eb ndiqet nga p\u00ebrmbaruesit dhe ndihm\u00ebs p\u00ebrmbaruesit \u00e7do vit pran\u00eb Qendr\u00ebs s\u00eb Trajnimit.Trajnimi vazhdues zhvillohet n\u00ebp\u00ebrmjet ndjekjes dhe p\u00ebrmbushjes me sukses t\u00eb nj\u00eb Programi t\u00eb Detyruesh\u00ebm q\u00eb p\u00ebrcakton metodat dhe modulet e trajnimit t\u00eb p\u00ebrmbaruesve gjyq\u00ebsor\u00eb privat\u00eb, mbi \u00e7\u00ebshtjet dhe fushat q\u00eb jan\u00eb evidentuar se ata duhet t\u00eb pajisen me [&hellip;]<\/p>\n","protected":false},"author":1,"featured_media":0,"parent":0,"menu_order":0,"comment_status":"closed","ping_status":"closed","template":"","meta":{"footnotes":""},"class_list":["post-2118","page","type-page","status-publish","hentry"],"_links":{"self":[{"href":"https:\/\/bailiff-training-center.al\/index.php?rest_route=\/wp\/v2\/pages\/2118","targetHints":{"allow":["GET"]}}],"collection":[{"href":"https:\/\/bailiff-training-center.al\/index.php?rest_route=\/wp\/v2\/pages"}],"about":[{"href":"https:\/\/bailiff-training-center.al\/index.php?rest_route=\/wp\/v2\/types\/page"}],"author":[{"embeddable":true,"href":"https:\/\/bailiff-training-center.al\/index.php?rest_route=\/wp\/v2\/users\/1"}],"replies":[{"embeddable":true,"href":"https:\/\/bailiff-training-center.al\/index.php?rest_route=%2Fwp%2Fv2%2Fcomments&post=2118"}],"version-history":[{"count":7,"href":"https:\/\/bailiff-training-center.al\/index.php?rest_route=\/wp\/v2\/pages\/2118\/revisions"}],"predecessor-version":[{"id":2357,"href":"https:\/\/bailiff-training-center.al\/index.php?rest_route=\/wp\/v2\/pages\/2118\/revisions\/2357"}],"wp:attachment":[{"href":"https:\/\/bailiff-training-center.al\/index.php?rest_route=%2Fwp%2Fv2%2Fmedia&parent=2118"}],"curies":[{"name":"wp","href":"https:\/\/api.w.org\/{rel}","templated":true}]}}