{"id":2122,"date":"2021-10-07T11:40:11","date_gmt":"2021-10-07T09:40:11","guid":{"rendered":"http:\/\/bailiff-training-center.al\/?page_id=2122"},"modified":"2021-11-12T01:33:39","modified_gmt":"2021-11-11T23:33:39","slug":"trajnime-informuese","status":"publish","type":"page","link":"https:\/\/bailiff-training-center.al\/?page_id=2122","title":{"rendered":"Trajnime informuese"},"content":{"rendered":"\t\t<div data-elementor-type=\"wp-page\" data-elementor-id=\"2122\" class=\"elementor elementor-2122\">\n\t\t\t\t\t\t<section class=\"elementor-section elementor-top-section elementor-element elementor-element-217c3316 elementor-section-boxed elementor-section-height-default elementor-section-height-default\" data-id=\"217c3316\" data-element_type=\"section\" data-e-type=\"section\">\n\t\t\t\t\t\t<div class=\"elementor-container elementor-column-gap-default\">\n\t\t\t\t\t<div class=\"elementor-column elementor-col-100 elementor-top-column elementor-element elementor-element-57d72cda\" data-id=\"57d72cda\" data-element_type=\"column\" data-e-type=\"column\">\n\t\t\t<div class=\"elementor-widget-wrap elementor-element-populated\">\n\t\t\t\t\t\t<div class=\"elementor-element elementor-element-57b4cd63 elementor-widget elementor-widget-text-editor\" data-id=\"57b4cd63\" data-element_type=\"widget\" data-e-type=\"widget\" data-widget_type=\"text-editor.default\">\n\t\t\t\t<div class=\"elementor-widget-container\">\n\t\t\t\t\t\t\t\t\t<p><\/p>\n<p>Qendra ofron kurse informuese p\u00ebr t\u00eb gjith\u00eb t\u00eb interesuarit, q\u00eb mund t\u00eb jen\u00eb t\u00eb fushave t\u00eb ndryshme, p\u00ebrfshir\u00eb mas-median, me q\u00ebllim familjarizimin n\u00eb fush\u00ebn e ligjit dhe ve\u00e7an\u00ebrisht at\u00eb t\u00eb ekzekutimit t\u00eb detyruesh\u00ebm.<br>Kurset jan\u00eb module informuese rreth njohurive dhe shpjegimit q\u00eb lidhen me procedura p\u00ebrmbarimore, adresimit t\u00eb problemeve t\u00eb evidentuara apo konstatuara nga perceptimi publik dhe p\u00ebrgatitja e pjes\u00ebmarr\u00ebsve t\u00eb interesuar p\u00ebrmes manual\u00ebve orientues mbi natyr\u00ebn, etik\u00ebn dhe moralin e ligjit, ve\u00e7an\u00ebrisht n\u00eb fush\u00ebn e ekzekutimit t\u00eb detyruesh\u00ebm.<br>Kurset trajnuese sh\u00ebrbejn\u00eb edhe si forume aktive ku diskutohen para se t\u00eb botohen materialet apo revista n\u00eb fush\u00ebn e ekzekutimit t\u00eb detyruesh\u00ebm dhe p\u00ebrgatiten aktivitete n\u00eb fush\u00ebn e ligjit, ve\u00e7an\u00ebrisht ekzekutimit t\u00eb detyruesh\u00ebm, sipas k\u00ebrkesave dhe nevoja reale t\u00eb pjes\u00ebmarr\u00ebsve n\u00eb to.<\/p>\n<p><\/p>\t\t\t\t\t\t\t\t<\/div>\n\t\t\t\t<\/div>\n\t\t\t\t\t<\/div>\n\t\t<\/div>\n\t\t\t\t\t<\/div>\n\t\t<\/section>\n\t\t\t\t<\/div>\n\t\t","protected":false},"excerpt":{"rendered":"<p>Qendra ofron kurse informuese p\u00ebr t\u00eb gjith\u00eb t\u00eb interesuarit, q\u00eb mund t\u00eb jen\u00eb t\u00eb fushave t\u00eb ndryshme, p\u00ebrfshir\u00eb mas-median, me q\u00ebllim familjarizimin n\u00eb fush\u00ebn e ligjit dhe ve\u00e7an\u00ebrisht at\u00eb t\u00eb ekzekutimit t\u00eb detyruesh\u00ebm.Kurset jan\u00eb module informuese rreth njohurive dhe shpjegimit q\u00eb lidhen me procedura p\u00ebrmbarimore, adresimit t\u00eb problemeve t\u00eb evidentuara apo konstatuara nga perceptimi publik [&hellip;]<\/p>\n","protected":false},"author":1,"featured_media":0,"parent":0,"menu_order":0,"comment_status":"closed","ping_status":"closed","template":"","meta":{"footnotes":""},"class_list":["post-2122","page","type-page","status-publish","hentry"],"_links":{"self":[{"href":"https:\/\/bailiff-training-center.al\/index.php?rest_route=\/wp\/v2\/pages\/2122","targetHints":{"allow":["GET"]}}],"collection":[{"href":"https:\/\/bailiff-training-center.al\/index.php?rest_route=\/wp\/v2\/pages"}],"about":[{"href":"https:\/\/bailiff-training-center.al\/index.php?rest_route=\/wp\/v2\/types\/page"}],"author":[{"embeddable":true,"href":"https:\/\/bailiff-training-center.al\/index.php?rest_route=\/wp\/v2\/users\/1"}],"replies":[{"embeddable":true,"href":"https:\/\/bailiff-training-center.al\/index.php?rest_route=%2Fwp%2Fv2%2Fcomments&post=2122"}],"version-history":[{"count":7,"href":"https:\/\/bailiff-training-center.al\/index.php?rest_route=\/wp\/v2\/pages\/2122\/revisions"}],"predecessor-version":[{"id":2422,"href":"https:\/\/bailiff-training-center.al\/index.php?rest_route=\/wp\/v2\/pages\/2122\/revisions\/2422"}],"wp:attachment":[{"href":"https:\/\/bailiff-training-center.al\/index.php?rest_route=%2Fwp%2Fv2%2Fmedia&parent=2122"}],"curies":[{"name":"wp","href":"https:\/\/api.w.org\/{rel}","templated":true}]}}