{"id":2284,"date":"2021-11-09T23:47:27","date_gmt":"2021-11-09T21:47:27","guid":{"rendered":"http:\/\/bailiff-training-center.al\/?page_id=2284"},"modified":"2026-03-13T12:01:34","modified_gmt":"2026-03-13T10:01:34","slug":"stafi-akademik","status":"publish","type":"page","link":"https:\/\/bailiff-training-center.al\/?page_id=2284","title":{"rendered":"Stafi akademik"},"content":{"rendered":"\t\t<div data-elementor-type=\"wp-page\" data-elementor-id=\"2284\" class=\"elementor elementor-2284\">\n\t\t\t\t\t\t<section class=\"elementor-section elementor-top-section elementor-element elementor-element-22cdf1cb elementor-section-boxed elementor-section-height-default elementor-section-height-default\" data-id=\"22cdf1cb\" data-element_type=\"section\" data-e-type=\"section\">\n\t\t\t\t\t\t<div class=\"elementor-container elementor-column-gap-default\">\n\t\t\t\t\t<div class=\"elementor-column elementor-col-100 elementor-top-column elementor-element elementor-element-5b8ad53a\" data-id=\"5b8ad53a\" data-element_type=\"column\" data-e-type=\"column\">\n\t\t\t<div class=\"elementor-widget-wrap elementor-element-populated\">\n\t\t\t\t\t\t<div class=\"elementor-element elementor-element-825fbbf elementor-widget__width-auto elementor-widget elementor-widget-text-editor\" data-id=\"825fbbf\" data-element_type=\"widget\" data-e-type=\"widget\" data-widget_type=\"text-editor.default\">\n\t\t\t\t<div class=\"elementor-widget-container\">\n\t\t\t\t\t\t\t\t\t<p><\/p>\n<p class=\"has-text-align-justify\" style=\"text-align: justify;\">Stafi akademik i Qendr\u00ebs p\u00ebrb\u00ebhet nga stafi i brendsh\u00ebm dhe nga stafi i jasht\u00ebm me p\u00ebrb\u00ebrje trajner\u00eb, profesor\u00eb, pedagog\u00eb n\u00eb fush\u00ebn e shkencave juridike dhe Institutin e Ekzekutimit t\u00eb Detyruar. N\u00eb stafin akademik b\u00ebjn\u00eb pjes\u00eb emra t\u00eb njohur dhe t\u00eb spikatur n\u00eb angazhimet e tyre publike dhe t\u00eb m\u00ebsimdh\u00ebnies, si Vangjel Kosta, Erind M\u00ebrkuri, Florjan Kalaja etj.<\/p>\n<p>Stafi akademik i Qendr\u00ebs me p\u00ebrb\u00ebrjen e tij prej 15 trajner\u00ebsh t\u00eb kualifikuar, mbajn\u00eb nj\u00eb ngarkes\u00eb m\u00ebsimore vjetore q\u00eb mund t\u00eb trajnojn\u00eb n\u00eb t\u00eb gjitha nivelet deri n\u00eb 300 pjes\u00ebmarr\u00ebs kursant\u00eb. Ngarkesa akademike n\u00eb kurset dhe modulet trajnuese p\u00ebrfshin edhe angazhimin e stafit akademik n\u00eb programin e detyruesh\u00ebm t\u00eb trajnimit vazhdues p\u00ebr t\u00eb gjith\u00eb p\u00ebrmbaruesit gjyq\u00ebsor\u00eb privat\u00eb t\u00eb certifikuar.<\/p>\n<p><\/p>\t\t\t\t\t\t\t\t<\/div>\n\t\t\t\t<\/div>\n\t\t\t\t\t<\/div>\n\t\t<\/div>\n\t\t\t\t\t<\/div>\n\t\t<\/section>\n\t\t\t\t<\/div>\n\t\t","protected":false},"excerpt":{"rendered":"<p>Stafi akademik i Qendr\u00ebs p\u00ebrb\u00ebhet nga stafi i brendsh\u00ebm dhe nga stafi i jasht\u00ebm me p\u00ebrb\u00ebrje trajner\u00eb, profesor\u00eb, pedagog\u00eb n\u00eb fush\u00ebn e shkencave juridike dhe Institutin e Ekzekutimit t\u00eb Detyruar. N\u00eb stafin akademik b\u00ebjn\u00eb pjes\u00eb emra t\u00eb njohur dhe t\u00eb spikatur n\u00eb angazhimet e tyre publike dhe t\u00eb m\u00ebsimdh\u00ebnies, si Vangjel Kosta, Erind M\u00ebrkuri, Florjan [&hellip;]<\/p>\n","protected":false},"author":7,"featured_media":0,"parent":0,"menu_order":0,"comment_status":"closed","ping_status":"closed","template":"","meta":{"footnotes":""},"class_list":["post-2284","page","type-page","status-publish","hentry"],"_links":{"self":[{"href":"https:\/\/bailiff-training-center.al\/index.php?rest_route=\/wp\/v2\/pages\/2284","targetHints":{"allow":["GET"]}}],"collection":[{"href":"https:\/\/bailiff-training-center.al\/index.php?rest_route=\/wp\/v2\/pages"}],"about":[{"href":"https:\/\/bailiff-training-center.al\/index.php?rest_route=\/wp\/v2\/types\/page"}],"author":[{"embeddable":true,"href":"https:\/\/bailiff-training-center.al\/index.php?rest_route=\/wp\/v2\/users\/7"}],"replies":[{"embeddable":true,"href":"https:\/\/bailiff-training-center.al\/index.php?rest_route=%2Fwp%2Fv2%2Fcomments&post=2284"}],"version-history":[{"count":28,"href":"https:\/\/bailiff-training-center.al\/index.php?rest_route=\/wp\/v2\/pages\/2284\/revisions"}],"predecessor-version":[{"id":2780,"href":"https:\/\/bailiff-training-center.al\/index.php?rest_route=\/wp\/v2\/pages\/2284\/revisions\/2780"}],"wp:attachment":[{"href":"https:\/\/bailiff-training-center.al\/index.php?rest_route=%2Fwp%2Fv2%2Fmedia&parent=2284"}],"curies":[{"name":"wp","href":"https:\/\/api.w.org\/{rel}","templated":true}]}}